{"id":18090,"date":"2020-03-02T23:33:27","date_gmt":"2020-03-02T23:33:27","guid":{"rendered":"https:\/\/thaidreamestate.com\/formularz\/"},"modified":"2024-10-23T02:39:08","modified_gmt":"2024-10-23T02:39:08","slug":"formularz","status":"publish","type":"page","link":"https:\/\/thaidreamestate.com\/pl\/formularz\/","title":{"rendered":"Formularz"},"content":{"rendered":"\t\t<div data-elementor-type=\"wp-page\" data-elementor-id=\"18090\" class=\"elementor elementor-18090 elementor-17149\" data-elementor-post-type=\"page\">\n\t\t\t\t\t\t<section class=\"elementor-section elementor-top-section elementor-element elementor-element-5ec2734 elementor-section-boxed elementor-section-height-default elementor-section-height-default\" data-id=\"5ec2734\" data-element_type=\"section\" data-e-type=\"section\">\n\t\t\t\t\t\t<div class=\"elementor-container elementor-column-gap-default\">\n\t\t\t\t\t<div class=\"elementor-column elementor-col-100 elementor-top-column elementor-element elementor-element-e1bd41f\" data-id=\"e1bd41f\" data-element_type=\"column\" data-e-type=\"column\">\n\t\t\t<div class=\"elementor-widget-wrap elementor-element-populated\">\n\t\t\t\t\t\t<div class=\"elementor-element elementor-element-49cbafe elementor-widget elementor-widget-houzez_elementor_space\" data-id=\"49cbafe\" data-element_type=\"widget\" data-e-type=\"widget\" data-widget_type=\"houzez_elementor_space.default\">\n\t\t\t\t<div class=\"elementor-widget-container\">\n\t\t\t\t\t        <div class=\"houzez-spacer\">\n            <div class=\"houzez-spacer-inner\"><\/div>\n        <\/div>\n        \t\t\t\t<\/div>\n\t\t\t\t<\/div>\n\t\t\t\t<section class=\"elementor-section elementor-inner-section elementor-element elementor-element-6efd58c animated-slow elementor-section-boxed elementor-section-height-default elementor-section-height-default elementor-invisible\" data-id=\"6efd58c\" data-element_type=\"section\" data-e-type=\"section\" data-settings=\"{&quot;background_background&quot;:&quot;classic&quot;,&quot;animation&quot;:&quot;fadeIn&quot;}\">\n\t\t\t\t\t\t<div class=\"elementor-container elementor-column-gap-no\">\n\t\t\t\t\t<div class=\"elementor-column elementor-col-100 elementor-inner-column elementor-element elementor-element-856004d\" data-id=\"856004d\" data-element_type=\"column\" data-e-type=\"column\">\n\t\t\t<div class=\"elementor-widget-wrap elementor-element-populated\">\n\t\t\t\t\t\t<div class=\"elementor-element elementor-element-8ff1404 elementor-widget elementor-widget-text-editor\" data-id=\"8ff1404\" data-element_type=\"widget\" data-e-type=\"widget\" data-widget_type=\"text-editor.default\">\n\t\t\t\t<div class=\"elementor-widget-container\">\n\t\t\t\t\t\t\t\t\t<h3>Rozpocznijmy podr\u00f3\u017c<\/h3>\n<p>Prosimy o wype\u0142nienie formularza, aby\u015bmy mogli lepiej zrozumie\u0107 Twoje wymagania i preferencje dotycz\u0105ce nieruchomo\u015bci w Tajlandii. Pozwoli nam to dostosowa\u0107 nasz\u0105 ofert\u0119 do Twoich potrzeb i pom\u00f3c Ci znale\u017a\u0107 idealne miejsce w Krainie U\u015bmiechu. Czekamy na wiadomo\u015b\u0107 od Ciebie!  <\/p>\n\t\t\t\t\t\t\t\t<\/div>\n\t\t\t\t<\/div>\n\t\t\t\t<div class=\"elementor-element elementor-element-42f882c elementor-button-align-stretch elementor-widget elementor-widget-houzez_elementor_inquiry_form\" data-id=\"42f882c\" data-element_type=\"widget\" data-e-type=\"widget\" data-widget_type=\"houzez_elementor_inquiry_form.default\">\n\t\t\t\t<div class=\"elementor-widget-container\">\n\t\t\t\t\t\n        <script type=\"application\/javascript\">\n            jQuery(document).bind(\"ready\", function () {\n                houzezValidateElementor(\"#houzez-form-42f882c\" );\n            });\n        <\/script>\n\n\n        <form class=\"elementor-form\" id=\"houzez-form-42f882c\" method=\"post\" name=\"Nowy formularz\" action=\"https:\/\/thaidreamestate.com\/wp-admin\/admin-ajax.php\">\n            <input type=\"hidden\" name=\"form_id\" value=\"42f882c\"\/>\n            <input type=\"hidden\" name=\"action\" value=\"houzez_ele_inquiry_form\" \/>\n            <input type=\"hidden\" name=\"source_link\" value=\"https:\/\/thaidreamestate.com\/pl\/formularz\/\" \/>\n            <input type=\"hidden\" name=\"lead_page_id\" value=\"18090\" \/>\n            <input type=\"hidden\" name=\"is_estimation\" value=\"yes\" \/>\n            <input type=\"hidden\" name=\"email_to\" value=\"info@thaidreamestate.com\" \/>\n            <input type=\"hidden\" name=\"email_subject\" value=\"Nowa wiadomo\u015b\u0107 z &quot;Formularza zapytania&quot;\" \/>\n            <input type=\"hidden\" name=\"email_to_cc\" value=\"\" \/>\n            <input type=\"hidden\" name=\"email_to_bcc\" value=\"\" \/>\n            <input type=\"hidden\" name=\"webhook\" value=\"true\" \/>\n            <input type=\"hidden\" name=\"webhook_url\" value=\"\" \/>\n            <input type=\"hidden\" name=\"redirect_to\" value=\"https:\/\/thaidreamestate.com\/thank-you\/\" \/>\n            <input type=\"hidden\" name=\"google_recaptcha\" value=\"yes\" \/>\n\n            <div class=\"elementor-form-fields-wrapper elementor-labels-above\">\n\n                                    <div class=\"elementor-field-group elementor-column form-group elementor-field-group-ba6c34c elementor-col-100 elementor-field-required elementor-mark-required\">\n                    <label for=\"form-field-ba6c34c\" class=\"elementor-field-label\">Chcia\u0142by\u015b*<\/label>        <div class=\"elementor-field elementor-select-wrapper\">\n            <select name=\"enquiry_type\" id=\"form-field-ba6c34c\" class=\"elementor-field-textual form-control elementor-size-md\" required=\"required\" title=\"* Chcia\u0142by\u015b*\">\n                <option value=\"\">Wybierz<\/option><option value=\"Buy\">Buy<\/value><option value=\"Rent\"> Rent<\/value><option value=\"Sell\"> Sell<\/value>            <\/select>\n        <\/div>\n                            <\/div>\n\n                                        <div class=\"elementor-field-group elementor-column form-group elementor-field-group-cc6b92f elementor-col-100 elementor-field-required elementor-mark-required\">\n                    <label for=\"form-field-cc6b92f\" class=\"elementor-field-label\">Informacje kontaktowe<\/label><input type=\"text\" name=\"first_name\" id=\"form-field-cc6b92f\" class=\"elementor-field form-control elementor-size-md elementor-field-textual\" placeholder=\"Imi\u0119\" title=\"* Informacje kontaktowe\" required=\"required\">                    <\/div>\n\n                                        <div class=\"elementor-field-group elementor-column form-group elementor-field-group-3cc124e elementor-col-100\">\n                    <input type=\"text\" name=\"last_name\" id=\"form-field-3cc124e\" class=\"elementor-field form-control elementor-size-md elementor-field-textual\" placeholder=\"Nazwisko\" title=\"* Nazwisko\">                    <\/div>\n\n                                        <div class=\"elementor-field-group elementor-column form-group elementor-field-group-932d82c elementor-col-50 elementor-field-required elementor-mark-required\">\n                    <input type=\"email\" name=\"email\" id=\"form-field-932d82c\" class=\"elementor-field form-control elementor-size-md elementor-field-textual\" placeholder=\"Adres e-mail\" title=\"* Adres e-mail\" required=\"required\">                    <\/div>\n\n                                        <div class=\"elementor-field-group elementor-column form-group elementor-field-group-304b68f elementor-col-50 elementor-field-required elementor-mark-required\">\n                    <input type=\"text\" name=\"mobile\" id=\"form-field-304b68f\" class=\"elementor-field form-control elementor-size-md elementor-field-textual\" placeholder=\"Mobilny\" title=\"* Mobilny\" required=\"required\">                    <\/div>\n\n                                        <div class=\"elementor-field-group elementor-column form-group elementor-field-group-5ae779d elementor-col-100 elementor-field-required elementor-mark-required\">\n                    <label for=\"form-field-5ae779d\" class=\"elementor-field-label\">Miasto*<\/label>        <div class=\"elementor-field elementor-select-wrapper\">\n            <select name=\"user_type\" id=\"form-field-5ae779d\" class=\"elementor-field-textual form-control elementor-size-md\" required=\"required\" title=\"* Miasto*\">\n                <option value=\"\">Wybierz miasto<\/option><option value=\"bangkok\">Bangkok<\/option><option value=\"Phuket\">Phuket<\/option><option value=\"Pattaya\">Pattaya<\/option><option value=\"Hua_Hin\">Hua Hin<\/option><option value=\"Koh Samui\">Koh Samui<\/option><option value=\"Inne miejsce\">Inne miejsce<\/option>            <\/select>\n        <\/div>\n                            <\/div>\n\n                                        <div class=\"elementor-field-group elementor-column form-group elementor-field-group-f3ab624 elementor-col-100 elementor-field-required elementor-mark-required\">\n                            <div class=\"elementor-field elementor-select-wrapper\">\n            <select name=\"user_type\" id=\"form-field-f3ab624\" class=\"elementor-field-textual form-control elementor-size-md\" required=\"required\" title=\"* Po\u017c\u0105dana data wprowadzenia si\u0119\">\n                <option value=\"\">Po\u017c\u0105dana data wprowadzenia si\u0119<\/option><option value=\"3\">W ci\u0105gu 3 miesi\u0119cy<\/option><option value=\"6\">W ci\u0105gu 6 miesi\u0119cy<\/option><option value=\"12\">W ci\u0105gu 12 miesi\u0119cy<\/option><option value=\"\"><\/option>            <\/select>\n        <\/div>\n                            <\/div>\n\n                                        <div class=\"elementor-field-group elementor-column form-group elementor-field-group-c549d17 elementor-col-50 elementor-field-required elementor-mark-required\">\n                    <input type=\"number\" name=\"e_meta[price]\" id=\"form-field-c549d17\" class=\"elementor-field form-control elementor-size-md elementor-field-textual\" placeholder=\"Cena maksymalna\" title=\"* Cena maksymalna\" required=\"required\" min=\"0\">                    <\/div>\n\n                                        <div class=\"elementor-field-group elementor-column form-group elementor-field-group-e08cbcb elementor-col-50 elementor-field-required elementor-mark-required\">\n                    <input type=\"number\" name=\"e_meta[area-size]\" id=\"form-field-e08cbcb\" class=\"elementor-field form-control elementor-size-md elementor-field-textual\" placeholder=\"Minimalny rozmiar (Sq Ft)\" title=\"* Minimalny rozmiar (Sq Ft)\" required=\"required\" min=\"0\">                    <\/div>\n\n                                        <div class=\"elementor-field-group elementor-column form-group elementor-field-group-66cc0de elementor-col-50 elementor-field-required elementor-mark-required\">\n                    <input type=\"number\" name=\"e_meta[beds]\" id=\"form-field-66cc0de\" class=\"elementor-field form-control elementor-size-md elementor-field-textual\" placeholder=\"Liczba \u0142\u00f3\u017cek\" title=\"* Liczba \u0142\u00f3\u017cek\" required=\"required\" min=\"0\">                    <\/div>\n\n                                        <div class=\"elementor-field-group elementor-column form-group elementor-field-group-dea086f elementor-col-50 elementor-field-required elementor-mark-required\">\n                    <input type=\"number\" name=\"e_meta[baths]\" id=\"form-field-dea086f\" class=\"elementor-field form-control elementor-size-md elementor-field-textual\" placeholder=\"Liczba k\u0105pieli\" title=\"* Liczba k\u0105pieli\" required=\"required\" min=\"0\">                    <\/div>\n\n                                        <div class=\"elementor-field-group elementor-column form-group elementor-field-group-95c61a9 elementor-col-100\">\n                    <label for=\"form-field-95c61a9\" class=\"elementor-field-label\">Czy masz jakie\u015b inne wymagania lub pytania?<\/label><textarea class=\"elementor-field-textual elementor-field elementor-size-md\" name=\"message\" id=\"form-field-95c61a9\" rows=\"4\"><\/textarea>                    <\/div>\n\n                    \n                    \n                                        <div class=\"\">\n                        <div class=\"form-group captcha_wrapper houzez-grecaptcha-v3\">\n    <div class=\"houzez_google_reCaptcha\"><\/div>\n<\/div>\n                    <\/div>\n                    \n                    <div class=\"elementor-field-group elementor-column elementor-field-type-submit elementor-col-100\">\n                    <button type=\"submit\" class=\"houzez-submit-button houzez-contact-form-js elementor-button elementor-size-md\">\n                        <i class=\"btn-loader houzez-loader-js\"><\/i>\n                                                    Wy\u015blij                                            <\/button>\n                <\/div>\n            <\/div><!-- End wrapper-->\n            <br\/>\n            <div class=\"ele-form-messages\"><\/div>\n            <div class=\"error-container\"><\/div>\n\n        <\/form>\n\n    \t\t\t\t<\/div>\n\t\t\t\t<\/div>\n\t\t\t\t\t<\/div>\n\t\t<\/div>\n\t\t\t\t\t<\/div>\n\t\t<\/section>\n\t\t\t\t<div class=\"elementor-element elementor-element-eb5dd10 elementor-widget elementor-widget-spacer\" data-id=\"eb5dd10\" data-element_type=\"widget\" data-e-type=\"widget\" data-widget_type=\"spacer.default\">\n\t\t\t\t<div class=\"elementor-widget-container\">\n\t\t\t\t\t\t\t<div class=\"elementor-spacer\">\n\t\t\t<div class=\"elementor-spacer-inner\"><\/div>\n\t\t<\/div>\n\t\t\t\t\t\t<\/div>\n\t\t\t\t<\/div>\n\t\t\t\t\t<\/div>\n\t\t<\/div>\n\t\t\t\t\t<\/div>\n\t\t<\/section>\n\t\t<div class=\"elementor-element elementor-element-a3b6246 e-flex e-con-boxed e-con e-parent\" data-id=\"a3b6246\" data-element_type=\"container\" data-e-type=\"container\">\n\t\t\t\t\t<div class=\"e-con-inner\">\n\t\t<div class=\"elementor-element elementor-element-f51ed73 e-con-full e-flex e-con e-child\" data-id=\"f51ed73\" data-element_type=\"container\" data-e-type=\"container\">\n\t\t\t\t<\/div>\n\t\t<div class=\"elementor-element elementor-element-e930577 e-con-full e-flex e-con e-child\" data-id=\"e930577\" data-element_type=\"container\" data-e-type=\"container\">\n\t\t\t\t<\/div>\n\t\t\t\t\t<\/div>\n\t\t\t\t<\/div>\n\t\t\t\t<\/div>\n\t\t","protected":false},"excerpt":{"rendered":"<p>Rozpocznijmy podr\u00f3\u017c Prosimy o wype\u0142nienie formularza, aby\u015bmy mogli lepiej zrozumie\u0107 Twoje wymagania i preferencje dotycz\u0105ce nieruchomo\u015bci w Tajlandii. Pozwoli nam to dostosowa\u0107 nasz\u0105 ofert\u0119 do Twoich potrzeb i pom\u00f3c Ci znale\u017a\u0107 idealne miejsce w Krainie U\u015bmiechu. Czekamy na wiadomo\u015b\u0107 od Ciebie! Chcia\u0142by\u015b* WybierzBuy Rent Sell Informacje kontaktowe Miasto* Wybierz miastoBangkokPhuketPattayaHua HinKoh SamuiInne miejsce Po\u017c\u0105dana data [&hellip;]<\/p>\n","protected":false},"author":1,"featured_media":0,"parent":0,"menu_order":0,"comment_status":"closed","ping_status":"closed","template":"template\/template-homepage.php","meta":{"nf_dc_page":"","footnotes":""},"class_list":["post-18090","page","type-page","status-publish","hentry"],"_links":{"self":[{"href":"https:\/\/thaidreamestate.com\/pl\/wp-json\/wp\/v2\/pages\/18090","targetHints":{"allow":["GET"]}}],"collection":[{"href":"https:\/\/thaidreamestate.com\/pl\/wp-json\/wp\/v2\/pages"}],"about":[{"href":"https:\/\/thaidreamestate.com\/pl\/wp-json\/wp\/v2\/types\/page"}],"author":[{"embeddable":true,"href":"https:\/\/thaidreamestate.com\/pl\/wp-json\/wp\/v2\/users\/1"}],"replies":[{"embeddable":true,"href":"https:\/\/thaidreamestate.com\/pl\/wp-json\/wp\/v2\/comments?post=18090"}],"version-history":[{"count":3,"href":"https:\/\/thaidreamestate.com\/pl\/wp-json\/wp\/v2\/pages\/18090\/revisions"}],"predecessor-version":[{"id":18124,"href":"https:\/\/thaidreamestate.com\/pl\/wp-json\/wp\/v2\/pages\/18090\/revisions\/18124"}],"wp:attachment":[{"href":"https:\/\/thaidreamestate.com\/pl\/wp-json\/wp\/v2\/media?parent=18090"}],"curies":[{"name":"wp","href":"https:\/\/api.w.org\/{rel}","templated":true}]}}